{"id":6289,"date":"2025-10-26T13:26:33","date_gmt":"2025-10-26T13:26:33","guid":{"rendered":"https:\/\/www.saharaypiramidestours.com\/?page_id=6289"},"modified":"2025-11-09T18:10:20","modified_gmt":"2025-11-09T18:10:20","slug":"testimonials","status":"publish","type":"page","link":"https:\/\/www.saharaypiramidestours.com\/es\/testimonials\/","title":{"rendered":"Testimonios"},"content":{"rendered":"<div data-elementor-type=\"wp-page\" data-elementor-id=\"6289\" class=\"elementor elementor-6289\">\n\t\t\t\t<div class=\"elementor-element elementor-element-54ceebce e-flex e-con-boxed e-con e-parent\" data-id=\"54ceebce\" data-element_type=\"container\">\n\t\t\t\t\t<div class=\"e-con-inner\">\n\t\t\t\t<div class=\"elementor-element elementor-element-68c6a28b elementor-widget elementor-widget-text-editor\" data-id=\"68c6a28b\" data-element_type=\"widget\" data-widget_type=\"text-editor.default\">\n\t\t\t\t\t\t\t\t\t\n<p><style type='text\/css' media='all'>#tss-container-1990001006.tss-wrapper .tss-layout10 .item-content-wrapper,\r\n\t\t\t\t\t#tss-container-1990001006.tss-wrapper .tss-isotope3 .item-content-wrapper,\r\n\t\t\t\t\t#tss-container-1990001006.tss-wrapper .tss-isotope5 .item-content-wrapper,\r\n\t\t\t\t\t#tss-container-1990001006.tss-wrapper .tss-carousel10 .item-content-wrapper{background: transparent;}<\/style><div class='rt-container-fluid tss-wrapper' id='tss-container-1990001006'  data-layout='carousel3' data-desktop-col='1'  data-tab-col='1'  data-mobile-col='1'><div data-title='Loading ...' class='rt-row tss-carousel3 tss-even tss-pre-loader'><div class=\"carousel-wrapper\"><div  class='tss-carousel swiper'\r\n\t\t\t\t\t\t\t\t\t\tdata-loop='false'\r\n\t\t\t\t\t\t\t\t\t\tdata-items-desktop='1'\r\n\t\t\t\t\t\t\t\t\t\tdata-items-tab='1'\r\n\t\t\t\t\t\t\t\t\t\tdata-items-mobile='1'\r\n\t\t\t\t\t\t\t\t\t\tdata-autoplay='true'\r\n\t\t\t\t\t\t\t\t\t\tdata-autoplay-timeout='5000'\r\n\t\t\t\t\t\t\t\t\t\tdata-autoplay-hover-pause='true'\r\n\t\t\t\t\t\t\t\t\t\tdata-dots='true'\r\n\t\t\t\t\t\t\t\t\t\tdata-nav='true'\r\n\t\t\t\t\t\t\t\t\t\tdata-lazy-load='false'\r\n\t\t\t\t\t\t\t\t\t\tdata-auto-height='false'\r\n\t\t\t\t\t\t\t\t\t\tdata-smart-speed='2000'\r\n\t\t\t\t\t\t\t\t\t\t><div class=\"swiper-wrapper\"><div class='rt-col-md-12 rt-col-sm-12 rt-col-xs-12 even-grid-item tss-grid-item slide-item swiper-slide even-grid-item default-margin tss-img-circle'><div class=\"single-item-wrapper\"><div class=\"tss-meta-info\"><div class='profile-img-wrapper'><img alt='Gabriela Gomiero' class='rt-responsive-img' src='https:\/\/www.saharaypiramidestours.com\/wp-content\/uploads\/2025\/11\/373652655_1363132207912029_4635106125370112209_n-150x150.jpg' \/><\/div><\/div><div class=\"rating-wrapper\"><span data-star='1' class='star-1 dashicons dashicons-star-filled' aria-hidden='true'><\/span><span data-star='2' class='star-2 dashicons dashicons-star-filled' aria-hidden='true'><\/span><span data-star='3' class='star-3 dashicons dashicons-star-filled' aria-hidden='true'><\/span><span data-star='4' class='star-4 dashicons dashicons-star-filled' aria-hidden='true'><\/span><span data-star='5' class='star-5 dashicons dashicons-star-filled' aria-hidden='true'><\/span><\/div><h3 class='author-name'>Gabriela Gomiero<\/h3><div class=\"item-content-wrapper\"><div class='item-content'>Mohamed is the best guide I&#8217;ve ever met. From his knowledge of Egypt, his organization, to the way he cares for everyone under his care.\r\n\r\nBesides being professional, he manages to be personal. He allows us to experience feeling welcomed and with an emotional connection. If you want to go to Egypt, you have to go through here.<\/div><\/div><\/div><\/div><div class='rt-col-md-12 rt-col-sm-12 rt-col-xs-12 even-grid-item tss-grid-item slide-item swiper-slide even-grid-item default-margin tss-img-circle'><div class=\"single-item-wrapper\"><div class=\"tss-meta-info\"><div class='profile-img-wrapper'><img alt='Gladis Daiana' class='rt-responsive-img' src='https:\/\/www.saharaypiramidestours.com\/wp-content\/uploads\/2025\/11\/505390141_9168430686593843_1068844055961897519_n-150x150.jpg' \/><\/div><\/div><div class=\"rating-wrapper\"><span data-star='1' class='star-1 dashicons dashicons-star-filled' aria-hidden='true'><\/span><span data-star='2' class='star-2 dashicons dashicons-star-filled' aria-hidden='true'><\/span><span data-star='3' class='star-3 dashicons dashicons-star-filled' aria-hidden='true'><\/span><span data-star='4' class='star-4 dashicons dashicons-star-filled' aria-hidden='true'><\/span><span data-star='5' class='star-5 dashicons dashicons-star-filled' aria-hidden='true'><\/span><\/div><h3 class='author-name'>Gladis Daiana<\/h3><div class=\"item-content-wrapper\"><div class='item-content'><p>Extremadamente competente. Siempre puntual y preocupado por ofrecer comodidad y las mejores experiencias. Diligente y atento. Habla portugu\u00e9s muy bien y sabe mucho m\u00e1s que solo la historia de Egipto; tiene un vasto conocimiento en diversas \u00e1reas. \u00a1Lo recomiendo mucho!<\/p>\n<\/div><\/div><\/div><\/div><div class='rt-col-md-12 rt-col-sm-12 rt-col-xs-12 even-grid-item tss-grid-item slide-item swiper-slide even-grid-item default-margin tss-img-circle'><div class=\"single-item-wrapper\"><div class=\"tss-meta-info\"><div class='profile-img-wrapper'><img alt='Artur Aguiar' class='rt-responsive-img' src='https:\/\/www.saharaypiramidestours.com\/wp-content\/uploads\/2025\/11\/118210688_3618906171519508_7271627257617728014_n-150x150.jpg' \/><\/div><\/div><div class=\"rating-wrapper\"><span data-star='1' class='star-1 dashicons dashicons-star-filled' aria-hidden='true'><\/span><span data-star='2' class='star-2 dashicons dashicons-star-filled' aria-hidden='true'><\/span><span data-star='3' class='star-3 dashicons dashicons-star-filled' aria-hidden='true'><\/span><span data-star='4' class='star-4 dashicons dashicons-star-filled' aria-hidden='true'><\/span><span data-star='5' class='star-5 dashicons dashicons-star-filled' aria-hidden='true'><\/span><\/div><h3 class='author-name'>Artur Aguiar<\/h3><div class=\"item-content-wrapper\"><div class='item-content'><p>Con un gran coraz\u00f3n y un vasto conocimiento, Mohamed dirigi\u00f3 a nuestro grupo con excelencia y gran dedicaci\u00f3n. Nos transmiti\u00f3 confianza en todas sus orientaciones y nos brind\u00f3 una experiencia excelente en Egipto. Recomiendo mucho sus servicios.<\/p>\n<p>M\u00e1s all\u00e1 de ser un gu\u00eda, \u00a1se convierte en un amigo!<br \/>\n\u00a1Gracias, Mohamed, por todo el tiempo que pasamos juntos en Egipto!<br \/>\n\u00a1Un gran abrazo!<\/p>\n<\/div><\/div><\/div><\/div><div class='rt-col-md-12 rt-col-sm-12 rt-col-xs-12 even-grid-item tss-grid-item slide-item swiper-slide even-grid-item default-margin tss-img-circle'><div class=\"single-item-wrapper\"><div class=\"tss-meta-info\"><div class='profile-img-wrapper'><img alt='Flavia Penido' class='rt-responsive-img' src='https:\/\/www.saharaypiramidestours.com\/wp-content\/uploads\/2025\/11\/300791997_10210242025725110_4110450573930478791_n-150x150.jpg' \/><\/div><\/div><div class=\"rating-wrapper\"><span data-star='1' class='star-1 dashicons dashicons-star-filled' aria-hidden='true'><\/span><span data-star='2' class='star-2 dashicons dashicons-star-filled' aria-hidden='true'><\/span><span data-star='3' class='star-3 dashicons dashicons-star-filled' aria-hidden='true'><\/span><span data-star='4' class='star-4 dashicons dashicons-star-filled' aria-hidden='true'><\/span><span data-star='5' class='star-5 dashicons dashicons-star-filled' aria-hidden='true'><\/span><\/div><h3 class='author-name'>Flavia Penido<\/h3><div class=\"item-content-wrapper\"><div class='item-content'><p>El viaje fue perfecto. \u00a1Nos encantaron todos los tours! Cada uno fue una gran experiencia.<\/p>\n<p>Un gu\u00eda muy conocedor que estaba lleno de alegr\u00eda al contar sus historias, leer jerogl\u00edficos y conocer los templos como la palma de su mano.<\/p>\n<p>\u00a1El mejor gu\u00eda \u2764\ufe0f!<\/p>\n<\/div><\/div><\/div><\/div><div class='rt-col-md-12 rt-col-sm-12 rt-col-xs-12 even-grid-item tss-grid-item slide-item swiper-slide even-grid-item default-margin tss-img-circle'><div class=\"single-item-wrapper\"><div class=\"tss-meta-info\"><div class='profile-img-wrapper'><img alt='Sofia Duchateau' class='rt-responsive-img' src='https:\/\/www.saharaypiramidestours.com\/wp-content\/uploads\/2025\/11\/57511548_2137494209702542_3241732493434421248_n-150x150.jpg' \/><\/div><\/div><div class=\"rating-wrapper\"><span data-star='1' class='star-1 dashicons dashicons-star-filled' aria-hidden='true'><\/span><span data-star='2' class='star-2 dashicons dashicons-star-filled' aria-hidden='true'><\/span><span data-star='3' class='star-3 dashicons dashicons-star-filled' aria-hidden='true'><\/span><span data-star='4' class='star-4 dashicons dashicons-star-filled' aria-hidden='true'><\/span><span data-star='5' class='star-5 dashicons dashicons-star-filled' aria-hidden='true'><\/span><\/div><h3 class='author-name'>Sofia Duchateau<\/h3><div class=\"item-content-wrapper\"><div class='item-content'><div class=\"html-div xdj266r x14z9mp xat24cr x1lziwak xexx8yu xyri2b x18d9i69 x1c1uobl\" data-ad-rendering-role=\"story_message\">\n<div id=\"_r_9m_\" class=\"x1iorvi4 xjkvuk6 x1g0dm76 xpdmqnj\" data-ad-comet-preview=\"message\" data-ad-preview=\"message\">\n<div class=\"x78zum5 xdt5ytf xz62fqu x16ldp7u\">\n<div class=\"xu06os2 x1ok221b\">\n<div class=\"html-div xdj266r x14z9mp xat24cr x1lziwak xexx8yu xyri2b x18d9i69 x1c1uobl\">\n<div class=\"xdj266r x14z9mp xat24cr x1lziwak x1vvkbs x126k92a\">\n<div dir=\"auto\">\u00a1Nos encant\u00f3 el tour guiado con Mohamed! Todo fue perfecto, el itinerario fue maravilloso, las explicaciones y consejos sobre qu\u00e9 hacer, d\u00f3nde comer, \u00a1todo fue excelente!<\/div>\n<\/div>\n<\/div>\n<\/div>\n<\/div>\n<\/div>\n<\/div>\n<\/div><\/div><\/div><\/div><\/div><div class=\"swiper-arrow swiper-button-next\"><i class=\"rttss-right-open\"><\/i><\/div><div class=\"swiper-arrow swiper-button-prev\"><i class=\"rttss-left-open\"><\/i><\/div><div class=\"swiper-pagination\"><\/div><\/div><\/div><div class=\"rt-loading-overlay\"><\/div><div class=\"rt-loading rt-ball-clip-rotate\"><div><\/div><\/div><\/div><\/div><\/p>\n\t\t\t\t\t\t\t\t<\/div>\n\t\t\t\t\t<\/div>\n\t\t\t\t<\/div>\n\t\t\t\t<\/div>","protected":false},"excerpt":{"rendered":"","protected":false},"author":1,"featured_media":0,"parent":0,"menu_order":0,"comment_status":"closed","ping_status":"closed","template":"elementor_header_footer","meta":{"footnotes":""},"class_list":["post-6289","page","type-page","status-publish","hentry","travel-monster-post","no-post-thumbnail","latest_post"],"_links":{"self":[{"href":"https:\/\/www.saharaypiramidestours.com\/es\/wp-json\/wp\/v2\/pages\/6289","targetHints":{"allow":["GET"]}}],"collection":[{"href":"https:\/\/www.saharaypiramidestours.com\/es\/wp-json\/wp\/v2\/pages"}],"about":[{"href":"https:\/\/www.saharaypiramidestours.com\/es\/wp-json\/wp\/v2\/types\/page"}],"author":[{"embeddable":true,"href":"https:\/\/www.saharaypiramidestours.com\/es\/wp-json\/wp\/v2\/users\/1"}],"replies":[{"embeddable":true,"href":"https:\/\/www.saharaypiramidestours.com\/es\/wp-json\/wp\/v2\/comments?post=6289"}],"version-history":[{"count":10,"href":"https:\/\/www.saharaypiramidestours.com\/es\/wp-json\/wp\/v2\/pages\/6289\/revisions"}],"predecessor-version":[{"id":6819,"href":"https:\/\/www.saharaypiramidestours.com\/es\/wp-json\/wp\/v2\/pages\/6289\/revisions\/6819"}],"wp:attachment":[{"href":"https:\/\/www.saharaypiramidestours.com\/es\/wp-json\/wp\/v2\/media?parent=6289"}],"curies":[{"name":"wp","href":"https:\/\/api.w.org\/{rel}","templated":true}]}}